{"id":12,"date":"2011-06-20T16:40:15","date_gmt":"2011-06-20T16:40:15","guid":{"rendered":"http:\/\/www.apartmani-komiza-vidovic.com\/?page_id=12"},"modified":"2022-02-21T12:08:09","modified_gmt":"2022-02-21T12:08:09","slug":"o-komizi","status":"publish","type":"page","link":"https:\/\/www.apartmani-komiza-vidovic.com\/hr\/o-komizi\/","title":{"rendered":"O Komi\u017ei"},"content":{"rendered":"<p><strong>Komi\u017ea<\/strong> (<a href=\"http:\/\/hr.wikipedia.org\/wiki\/Talijanski\" title=\"Talijanski\">tal<\/a>. <em>Comisa<\/em>) je grad na <a href=\"http:\/\/hr.wikipedia.org\/wiki\/Vis\" title=\"Vis\">otoku Visu<\/a> u Hrvatskoj. Administrativno pripada Splitsko-dalmatinskoj \u017eupaniji.<\/p>\n<p><\/p>\n<h2><span>Zemljopis<\/span><\/h2>\n<p>Komi\u017ea se nalazi na zapadnoj strani otoka <a href=\"http:\/\/hr.wikipedia.org\/wiki\/Vis\" title=\"Vis\">Visa<\/a> u dubokom Komi\u0161kom zaljevu. Od ostatka otoka je razdvaja brdski masiv <strong>Hum<\/strong> (najvi\u0161i vrh 587 m) koji se strmo spu\u0161ta do obala zaljeva. Takav   smje\u0161taj, a s njim povezan i nedostatak poljoprivrednih povr\u0161ina,   odredio je orijentaciju Komi\u017ee prema moru i <a href=\"http:\/\/hr.wikipedia.org\/wiki\/Ribarstvo\" title=\"Ribarstvo\">ribarstvu<\/a>. Preko prijevoja <strong>Sveti Mihovil<\/strong> novom cestom je povezana s gradom <a href=\"http:\/\/hr.wikipedia.org\/wiki\/Vis_%28grad%29\" title=\"Vis (grad)\">Visom<\/a>, udaljenim 10 km. Udaljenost starom cestom Vis &#8211; Komi\u017ea koja prolazi ju\u017enim dijelom otoka iznosi 20 km.<\/p>\n<p><\/p>\n<h2><span>Gradska naselja<\/span><\/h2>\n<p>Gradska naselja (i otoci) su: <a href=\"http:\/\/hr.wikipedia.org\/wiki\/Bi%C5%A1evo\" title=\"Bi\u0161evo\">Bi\u0161evo<\/a>, <a href=\"http:\/\/hr.wikipedia.org\/w\/index.php?title=Borovik_%28Komi%C5%BEa%29&#038;action=edit&#038;redlink=1\" title=\"Borovik (Komi\u017ea) (stranica ne postoji)\">Borovik<\/a>, <a href=\"http:\/\/hr.wikipedia.org\/w\/index.php?title=Duboka_%28Komi%C5%BEa%29&#038;action=edit&#038;redlink=1\" title=\"Duboka (Komi\u017ea) (stranica ne postoji)\">Duboka<\/a>, <strong>Komi\u017ea<\/strong>, <a href=\"http:\/\/hr.wikipedia.org\/w\/index.php?title=Oklju%C4%8Dna&#038;action=edit&#038;redlink=1\" title=\"Oklju\u010dna (stranica ne postoji)\">Oklju\u010dna<\/a>, <a href=\"http:\/\/hr.wikipedia.org\/wiki\/Palagru%C5%BEa\" title=\"Palagru\u017ea\">Palagru\u017ea<\/a>, <a href=\"http:\/\/hr.wikipedia.org\/w\/index.php?title=Podhumlje&#038;action=edit&#038;redlink=1\" title=\"Podhumlje (stranica ne postoji)\">Podhumlje<\/a>, <a href=\"http:\/\/hr.wikipedia.org\/wiki\/Pod%C5%A1pilje\" title=\"Pod\u0161pilje\">Pod\u0161pilje<\/a>, <a href=\"http:\/\/hr.wikipedia.org\/wiki\/Svetac_%28otok%29\" title=\"Svetac (otok)\">Sveti Andrija<\/a> i <a href=\"http:\/\/hr.wikipedia.org\/w\/index.php?title=%C5%BDena_Glava&#038;action=edit&#038;redlink=1\" title=\"\u017dena Glava (stranica ne postoji)\">\u017dena Glava<\/a><\/p>\n<p><\/p>\n<h2><span>Stanovni\u0161tvo<\/span><\/h2>\n<p>Hrvati su autohtono i ve\u0107insko stanovni\u0161tvo grada Komi\u017ee (97% prema popisu iz <a href=\"http:\/\/hr.wikipedia.org\/wiki\/2001.\" title=\"2001.\">2001.<\/a>). Komi\u017eani govore <a href=\"http:\/\/hr.wikipedia.org\/w\/index.php?title=Cokavsko_narje%C4%8Dje&#038;action=edit&#038;redlink=1\" title=\"Cokavsko narje\u010dje (stranica ne postoji)\">cokavskim narje\u010djem<\/a> (podvrsta \u010dakavskog narje\u010dja) hrvatskog jezika.<\/p>\n<p>Na \u010ditavom podru\u010dju Grada \u017eivi 1.677 stanovnika, od \u010dega u samoj   Komi\u017ei njih 1.523, \u0161to je najmanji broj u posljednjih 150 godina otkad   se provode popisi stanovni\u0161tva.<\/p>\n<p>Za vrijeme Austro-Ugarske, komi\u0161ka op\u0107ina je imala preko 5.000 stanovnika, trostruko vi\u0161e nego danas. Prema popisu 1931. samo mjesto Komi\u017ea je imalo 3.254 stanovnika. Brojni su uzroci takvog demografskog nazadovanja; prvo bolest vinove loze i Prvi svjetski rat, koji su brojne Komi\u017eane natjerali na iseljavanje u Ameriku, a jo\u0161 vi\u0161e Drugi svjetski rat i njegove posljedice. Poratna vojna izolacija otoka Visa, a s tim   povezano gospodarsko zaostajanje, doveli su do velikog odljeva mladog   stanovni\u0161tva koje je odlazilo u potrazi za poslom. Nakon odlaska vojske s   otoka (1992)   po\u010dinje ja\u010di razvoj turizma, a time i do prestanka iseljavanja.   Na\u017ealost, taj proces je prestao i prirodnim putem, jer je u mjestu   ionako ostala uglavnom starija populacija.<\/p>\n<p>U ostalim podru\u010djima koja pripadaju Gradu, situacija je jo\u0161 gora;   selo Oklju\u010dna je sa 282 stanovnika (1931) spalo na njih 5, podru\u010dje   Pod\u0161pilja sa 710 na 129, a otok Bi\u0161evo sa 192 na 19. Tu se mo\u017ee govoriti   o potpunom nestanku, a ne smanjenju broja stanovnika.<\/p>\n<p><\/p>\n<h2><span>Uprava<\/span><\/h2>\n<p>U sastav Grada Komi\u017ee osim samog mjesta ulazi podru\u010dje <a href=\"http:\/\/hr.wikipedia.org\/wiki\/Pod%C5%A1pilje\" title=\"Pod\u0161pilje\">Pod\u0161pilja<\/a> (s naseljima <a href=\"http:\/\/hr.wikipedia.org\/w\/index.php?title=Borovik_%28Komi%C5%BEa%29&#038;action=edit&#038;redlink=1\" title=\"Borovik (Komi\u017ea) (stranica ne postoji)\">Borovik<\/a>, <a href=\"http:\/\/hr.wikipedia.org\/w\/index.php?title=Duboka_%28Komi%C5%BEa%29&#038;action=edit&#038;redlink=1\" title=\"Duboka (Komi\u017ea) (stranica ne postoji)\">Duboka<\/a>, <a href=\"http:\/\/hr.wikipedia.org\/w\/index.php?title=Podhumlje&#038;action=edit&#038;redlink=1\" title=\"Podhumlje (stranica ne postoji)\">Podhumlje<\/a>, <a href=\"http:\/\/hr.wikipedia.org\/wiki\/Pod%C5%A1pilje\" title=\"Pod\u0161pilje\">Pod\u0161pilje<\/a> i <a href=\"http:\/\/hr.wikipedia.org\/w\/index.php?title=%C5%BDena_Glava&#038;action=edit&#038;redlink=1\" title=\"\u017dena Glava (stranica ne postoji)\">\u017dena Glava<\/a>), selo Oklju\u010dna na sjevernom dijelu otoka, te manji otoci <a href=\"http:\/\/hr.wikipedia.org\/wiki\/Bi%C5%A1evo\" title=\"Bi\u0161evo\">Bi\u0161evo<\/a>, <a href=\"http:\/\/hr.wikipedia.org\/wiki\/Brusnik\" title=\"Brusnik\">Brusnik<\/a>, <a href=\"http:\/\/hr.wikipedia.org\/wiki\/Jabuka_%28otok%29\" title=\"Jabuka (otok)\">Jabuka<\/a>, <a href=\"http:\/\/hr.wikipedia.org\/wiki\/Palagru%C5%BEa\" title=\"Palagru\u017ea\">Palagru\u017ea<\/a> i <a href=\"http:\/\/hr.wikipedia.org\/wiki\/Svetac_%28otok%29\" title=\"Svetac (otok)\">Svetac<\/a>.<\/p>\n<p><\/p>\n<h2><span>Povijest<\/span><\/h2>\n<p>Komi\u017ea je naselje mla\u0111eg postanka od susjednog gradi\u0107a <a href=\"http:\/\/hr.wikipedia.org\/wiki\/Vis_%28grad%29\" title=\"Vis (grad)\">Visa<\/a>. Jedna od teorija o nastanku njenog imena govori da je nastalo od rije\u010di <strong>Com Issa<\/strong>, \u0161to doslovno zna\u010di mjesto pokraj <a href=\"http:\/\/hr.wikipedia.org\/wiki\/Issa\" title=\"Issa\">Isse<\/a>, anti\u010dkog naselja na mjestu dana\u0161njeg Visa. Pretpostavlja se da su <a href=\"http:\/\/hr.wikipedia.org\/wiki\/Stara_Gr%C4%8Dka\" title=\"Stara Gr\u010dka\">Grci<\/a> i <a href=\"http:\/\/hr.wikipedia.org\/wiki\/Rimljani\" title=\"Rimljani\">Rimljani<\/a> naselili i komi\u0161ku uvalu, ali dosad nisu prona\u0111eni materijalni dokazi. Komi\u017ea se prvi put spominje <a href=\"http:\/\/hr.wikipedia.org\/wiki\/1145\" title=\"1145\">1145<\/a>. godine kao <strong>Val Comeza<\/strong> u darovnici zadarskog kneza Petra, koji je vladao srednjodalmatinskim otocima.<\/p>\n<p>Smatra se da je <a href=\"http:\/\/hr.wikipedia.org\/wiki\/Benediktinci\" title=\"Benediktinci\">benediktinska<\/a> <a href=\"http:\/\/hr.wikipedia.org\/wiki\/Opatija_%28redovni%C4%8Dka_ustanova%29\" title=\"Opatija (redovni\u010dka ustanova)\">opatija<\/a> u mjestu postojala i ranije.<\/p>\n<p>Pod <a href=\"http:\/\/hr.wikipedia.org\/wiki\/Mleci\" title=\"Mleci\">mleta\u010dkom<\/a> vladavinom, Komi\u017ea zajedno s Visom pripada hvarskoj op\u0107ini, te se   ubrzano razvija kao sredi\u0161te ribarstva na ovom dijelu Jadrana. Mleta\u010dke   vlasti su u 16. stolje\u0107u zabilje\u017eile da su samo u jednom danu komi\u0161ki   ribari ulovili tri milijuna tona <a href=\"http:\/\/hr.wikipedia.org\/wiki\/Srdela\" title=\"Srdela\">srdela<\/a>. Bila je to gospodarska grana koja je omogu\u0107ila izgradnju crkvi, utvrda i velikih ku\u0107a u Komi\u017ei, a donosila je bogatstvo i <a href=\"http:\/\/hr.wikipedia.org\/wiki\/Hvar\" title=\"Hvar\">Hvaru<\/a> te samoj <a href=\"http:\/\/hr.wikipedia.org\/wiki\/Mleta%C4%8Dka_Republika\" title=\"Mleta\u010dka Republika\">Veneciji<\/a>.   Pod austrijskom upravom (1815-1918) Komi\u017ea dobiva samostalnu op\u0107inu, te   prerasta u gradi\u0107 sa svim potrebnim sadr\u017eajima. Po\u010detkom 20. stolje\u0107a   je najve\u0107e naselje na otoku Visu s gotovo 4.000 stanovnika. Tada je   izgra\u0111en veliki lukobran i ure\u0111ena luka, a u mjestu postoji sedam   tvornica za preradu ribe (najve\u0107a <em>Fratelli Marde\u0161i\u0107<\/em>).<\/p>\n<p>S propa\u0161\u0107u <a href=\"http:\/\/hr.wikipedia.org\/wiki\/Austro-Ugarska\" title=\"Austro-Ugarska\">Austro &#8211; Ugarske<\/a> <a href=\"http:\/\/hr.wikipedia.org\/wiki\/1918\" title=\"1918\">1918<\/a>. zapo\u010dinje dugo razdoblje stagnacije Komi\u017ee. Iako je otok Vis postao dio <a href=\"http:\/\/hr.wikipedia.org\/wiki\/Kraljevina_SHS\" title=\"Kraljevina SHS\">Kraljevine SHS<\/a>, osnova komi\u0161kog gospodarstva, bogata ribolovna podru\u010dja oko Palagru\u017ee, pripala su Italiji i ostala u njenom sastavu sve do <a href=\"http:\/\/hr.wikipedia.org\/wiki\/1947\" title=\"1947\">1947<\/a>.   godine. Sve vi\u0161e stanovnika se iseljava u Kaliforniju, gdje se   nastavljaju baviti ribarstvom. Nakon Drugog svjetskog rata, nastavlja se   propadanje otoka, a s njim i Komi\u017ee. Ne samo \u0161to je Vis pretvoren u   vojnu zonu, \u0161to je sprije\u010dilo razvoj turizma, ve\u0107 je Komi\u017ei ukinuta   op\u0107ina i izravna trajektna veza sa <a href=\"http:\/\/hr.wikipedia.org\/wiki\/Split\" title=\"Split\">Splitom<\/a>.<\/p>\n<p>Nakon osamostaljenja Hrvatske i odlaska vojske s otoka, zaustavlja se iseljavanje i po\u010dinje turisti\u010dki razvoj. <a href=\"http:\/\/hr.wikipedia.org\/wiki\/1993\" title=\"1993\">1993<\/a>. godine obnovljena je komi\u0161ka op\u0107ina, koja <a href=\"http:\/\/hr.wikipedia.org\/wiki\/1997\" title=\"1997\">1997<\/a>. dobiva status Grada.<\/p>\n<p>izvor:<a href=\"http:\/\/hr.wikipedia.org\/wiki\/Komi%C5%BEa\"> http:\/\/hr.wikipedia.org\/wiki\/Komi\u017ea<\/a><\/p>\n","protected":false},"excerpt":{"rendered":"<p>Komi\u017ea (tal. Comisa) je grad na otoku Visu u Hrvatskoj. Administrativno pripada Splitsko-dalmatinskoj \u017eupaniji. Zemljopis Komi\u017ea se nalazi... <\/p>\n","protected":false},"author":1,"featured_media":0,"parent":0,"menu_order":0,"comment_status":"closed","ping_status":"closed","template":"vidov-okomizi.php","meta":{"footnotes":""},"class_list":["post-12","page","type-page","status-publish","hentry"],"_links":{"self":[{"href":"https:\/\/www.apartmani-komiza-vidovic.com\/hr\/wp-json\/wp\/v2\/pages\/12","targetHints":{"allow":["GET"]}}],"collection":[{"href":"https:\/\/www.apartmani-komiza-vidovic.com\/hr\/wp-json\/wp\/v2\/pages"}],"about":[{"href":"https:\/\/www.apartmani-komiza-vidovic.com\/hr\/wp-json\/wp\/v2\/types\/page"}],"author":[{"embeddable":true,"href":"https:\/\/www.apartmani-komiza-vidovic.com\/hr\/wp-json\/wp\/v2\/users\/1"}],"replies":[{"embeddable":true,"href":"https:\/\/www.apartmani-komiza-vidovic.com\/hr\/wp-json\/wp\/v2\/comments?post=12"}],"version-history":[{"count":0,"href":"https:\/\/www.apartmani-komiza-vidovic.com\/hr\/wp-json\/wp\/v2\/pages\/12\/revisions"}],"wp:attachment":[{"href":"https:\/\/www.apartmani-komiza-vidovic.com\/hr\/wp-json\/wp\/v2\/media?parent=12"}],"curies":[{"name":"wp","href":"https:\/\/api.w.org\/{rel}","templated":true}]}}