{"id":10,"date":"2011-06-20T16:40:03","date_gmt":"2011-06-20T16:40:03","guid":{"rendered":"http:\/\/www.apartmani-komiza-vidovic.com\/?page_id=10"},"modified":"2022-02-21T12:08:00","modified_gmt":"2022-02-21T12:08:00","slug":"gdje-smo","status":"publish","type":"page","link":"https:\/\/www.apartmani-komiza-vidovic.com\/hr\/gdje-smo\/","title":{"rendered":"Gdje smo?"},"content":{"rendered":"<p>Novoizgra\u0111eni Apartmani Vidovi\u0107 idealno su mjesto za turiste i poslovne goste grada Komi\u017ee. Moderno ure\u0111en objekt, smje\u0161ten samo 300m od centra, sadr\u017ei \u010detiri udobna apartmana koji svojim gostima osiguravaju miran san i ugodan odmor. Apartmane karakterizira moderan i prakti\u010dan dekor, ali  i opu\u0161ten ambijent. Parking je osiguran za sve goste.<br \/>\n<\/p>\n<h2>Kako do\u0107i?<\/h2>\n<p>Do Splita: Avionom, vlakom, autobusom ili osobnim automobilom<\/p>\n<p>Iz Splita do otoka Visa: Trajektom ili katamaranom<\/p>\n<p>Po dolasku na otok Vis: 10 km od trajektne luke se nalazi grad Komi\u017ea do kojeg se dolazi autobusom, taksijem ili osobnim automobilom.<\/p>\n<p>Crvena linija ozna\u010dava smjer dolaska automobilom, dok je plava smjer od autobusne stanice u Komi\u017ei<\/p>\n<p><img decoding=\"async\" src=\"https:\/\/www.apartmani-komiza-vidovic.com\/\/wp-content\/themes\/komiza-apartmani\/images\/karta-komiza-apartmani-vidovic.jpg\" \/><\/p>\n<p>Korisni linkovi:<\/p>\n<ul style=\"margin-left:10px;\">\n<li style=\"list-style-position:inside; list-style-type:disc;\"><a href=\"http:\/\/www.jadrolinija.hr\/default.aspx?lang=2\">Jadrolinija<\/a><\/li>\n<li style=\"list-style-position:inside; list-style-type:disc;\"><a href=\"http:\/\/www.ak-split.hr\/EN\/index.html\">Bus Station Split<\/a><\/li>\n<li style=\"list-style-position:inside; list-style-type:disc;\"><a href=\"http:\/\/www.split-airport.hr\/\">Split Airport<\/a><\/li>\n<li style=\"list-style-position:inside; list-style-type:disc;\"><a href=\"http:\/\/www.hznet.hr\/Default.aspx?sec=282\">Croatian railways<\/a><\/li>\n<li style=\"list-style-position:inside; list-style-type:disc;\"><a href=\"http:\/\/www.hak.hr\/en\">Croatian Autoclub<\/a><\/li>\n<li style=\"list-style-position:inside; list-style-type:disc;\"><a href=\"http:\/\/meteo.hr\/index_en.php\">Meteorological And Hydrological Service<\/a><\/li>\n<li style=\"list-style-position:inside; list-style-type:disc;\"><a href=\"http:\/\/wizzair.com\/\">Wizz<\/a><\/li>\n<li style=\"list-style-position:inside; list-style-type:disc;\"><a href=\"http:\/\/www.easyjet.com\/\">Easyjet<\/a><\/li>\n<li style=\"list-style-position:inside; list-style-type:disc;\"><a href=\"http:\/\/www.flybe.com\/\">Flybe<\/a><\/li>\n<li style=\"list-style-position:inside; list-style-type:disc;\"><a href=\"http:\/\/www.ryanair.com\/site\/EN\/\">Ryanair<\/a><\/li>\n<li style=\"list-style-position:inside; list-style-type:disc;\"><a href=\"http:\/\/www.croatiaairlines.com\/Default.aspx?alias=www.croatiaairlines.com\/en\">Croatia airlines<\/a><\/li>\n<\/ul>\n<p><\/p>\n<h2>Udaljenosti<\/h2>\n<ul style=\"margin-left:10px;\">\n<li style=\"list-style-position:inside; list-style-type:disc;\">od du\u0107ana: 300m<\/li>\n<li style=\"list-style-position:inside; list-style-type:disc;\">od apoteke: 600m<\/li>\n<li style=\"list-style-position:inside; list-style-type:disc;\">od pla\u017ee:50m<\/li>\n<li style=\"list-style-position:inside; list-style-type:disc;\">od centra grada:300m<\/li>\n<li style=\"list-style-position:inside; list-style-type:disc;\">od po\u0161te:400m<\/li>\n<\/ul>\n","protected":false},"excerpt":{"rendered":"<p>Novoizgra\u0111eni Apartmani Vidovi\u0107 idealno su mjesto za turiste i poslovne goste grada Komi\u017ee. Moderno ure\u0111en objekt, smje\u0161ten samo... <\/p>\n","protected":false},"author":1,"featured_media":0,"parent":0,"menu_order":0,"comment_status":"closed","ping_status":"closed","template":"vidov-gdjesmo.php","meta":{"footnotes":""},"class_list":["post-10","page","type-page","status-publish","hentry"],"_links":{"self":[{"href":"https:\/\/www.apartmani-komiza-vidovic.com\/hr\/wp-json\/wp\/v2\/pages\/10","targetHints":{"allow":["GET"]}}],"collection":[{"href":"https:\/\/www.apartmani-komiza-vidovic.com\/hr\/wp-json\/wp\/v2\/pages"}],"about":[{"href":"https:\/\/www.apartmani-komiza-vidovic.com\/hr\/wp-json\/wp\/v2\/types\/page"}],"author":[{"embeddable":true,"href":"https:\/\/www.apartmani-komiza-vidovic.com\/hr\/wp-json\/wp\/v2\/users\/1"}],"replies":[{"embeddable":true,"href":"https:\/\/www.apartmani-komiza-vidovic.com\/hr\/wp-json\/wp\/v2\/comments?post=10"}],"version-history":[{"count":0,"href":"https:\/\/www.apartmani-komiza-vidovic.com\/hr\/wp-json\/wp\/v2\/pages\/10\/revisions"}],"wp:attachment":[{"href":"https:\/\/www.apartmani-komiza-vidovic.com\/hr\/wp-json\/wp\/v2\/media?parent=10"}],"curies":[{"name":"wp","href":"https:\/\/api.w.org\/{rel}","templated":true}]}}